{"id":84,"date":"2024-08-02T03:14:19","date_gmt":"2024-08-02T03:14:19","guid":{"rendered":"https:\/\/xn--asocespaolamerlo-eub.com.ar\/sitio\/?page_id=84"},"modified":"2024-08-18T20:12:56","modified_gmt":"2024-08-18T20:12:56","slug":"servicios","status":"publish","type":"page","link":"https:\/\/xn--asocespaolamerlo-eub.com.ar\/sitio\/servicios\/","title":{"rendered":"Beneficios al Socio"},"content":{"rendered":"\n<p><em>Somos una Mutual en crecimiento, al asociarse a nuestra instituci\u00f3n cada socio podr\u00e1 acceder a los siguientes beneficios:&nbsp;<\/em><\/p>\n\n\n\n<ol class=\"wp-block-list\">\n<li><em>Subsidios por casamiento , nacimiento , fallecimiento o cualquier otro evento que lo determine.<\/em><\/li>\n\n\n\n<li><em>Servicios de asistencia m\u00e9dica integral ,farmac\u00e9utica , de proveedur\u00eda , recreaci\u00f3n , turismo , culturales y otros compatibles con el desarrollo f\u00edsico y espiritual de los asociados deportivos y de recreaci\u00f3n.<\/em><\/li>\n\n\n\n<li><em>Servicios funerarios.<\/em><\/li>\n<\/ol>\n\n\n\n<p><em>Adem\u00e1s, como actor social dentro de la comunidad, fomentamos la ayuda rec\u00edproca entre sus miembros para satisfacer sus necesidades.<\/em><\/p>\n\n\n\n<p class=\"has-vivid-red-color has-text-color has-link-color has-medium-font-size wp-elements-4a9a177142e2c94733a2d65391808d68\"><strong>Atenci\u00f3n al Socio<\/strong>.<\/p>\n\n\n\n<ul class=\"wp-block-list\">\n<li><em>Horario de atenci\u00f3n al socio: <\/em><em><br><\/em><em>De Lunes a Viernes de 9.30 a 20.30 hs.\u00a0<\/em><\/li>\n\n\n\n<li><em>S\u00e1bados de 8.30 a 14.30 hs.\u00a0<\/em><\/li>\n<\/ul>\n\n\n\n<p>Estatuto a disposicion en la Administracion.<\/p>\n","protected":false},"excerpt":{"rendered":"<p>Somos una Mutual en crecimiento, al asociarse a nuestra instituci\u00f3n cada socio podr\u00e1 acceder a los siguientes beneficios:&nbsp;<\/p>\n","protected":false},"author":2,"featured_media":0,"parent":0,"menu_order":0,"comment_status":"closed","ping_status":"closed","template":"","meta":{"footnotes":""},"class_list":["post-84","page","type-page","status-publish","hentry"],"_links":{"self":[{"href":"https:\/\/xn--asocespaolamerlo-eub.com.ar\/sitio\/wp-json\/wp\/v2\/pages\/84","targetHints":{"allow":["GET"]}}],"collection":[{"href":"https:\/\/xn--asocespaolamerlo-eub.com.ar\/sitio\/wp-json\/wp\/v2\/pages"}],"about":[{"href":"https:\/\/xn--asocespaolamerlo-eub.com.ar\/sitio\/wp-json\/wp\/v2\/types\/page"}],"author":[{"embeddable":true,"href":"https:\/\/xn--asocespaolamerlo-eub.com.ar\/sitio\/wp-json\/wp\/v2\/users\/2"}],"replies":[{"embeddable":true,"href":"https:\/\/xn--asocespaolamerlo-eub.com.ar\/sitio\/wp-json\/wp\/v2\/comments?post=84"}],"version-history":[{"count":11,"href":"https:\/\/xn--asocespaolamerlo-eub.com.ar\/sitio\/wp-json\/wp\/v2\/pages\/84\/revisions"}],"predecessor-version":[{"id":513,"href":"https:\/\/xn--asocespaolamerlo-eub.com.ar\/sitio\/wp-json\/wp\/v2\/pages\/84\/revisions\/513"}],"wp:attachment":[{"href":"https:\/\/xn--asocespaolamerlo-eub.com.ar\/sitio\/wp-json\/wp\/v2\/media?parent=84"}],"curies":[{"name":"wp","href":"https:\/\/api.w.org\/{rel}","templated":true}]}}