{"id":69,"date":"2024-08-02T03:05:35","date_gmt":"2024-08-02T03:05:35","guid":{"rendered":"https:\/\/xn--asocespaolamerlo-eub.com.ar\/sitio\/?page_id=69"},"modified":"2024-08-19T16:14:35","modified_gmt":"2024-08-19T16:14:35","slug":"historia","status":"publish","type":"page","link":"https:\/\/xn--asocespaolamerlo-eub.com.ar\/sitio\/historia\/","title":{"rendered":"Historia"},"content":{"rendered":"\n<p class=\"has-vivid-red-color has-text-color has-link-color has-medium-font-size wp-elements-3bfb493f04211e5cdf481244abeab323\" style=\"text-decoration:underline\"><strong>FUNDACI\u00d3N.<\/strong><\/p>\n\n\n\n<p>Se fund\u00f3 el 1 de enero de 1899 y catorce a\u00f1os despu\u00e9s obtuvimos nuestra personer\u00eda jur\u00eddica<\/p>\n\n\n\n<p>Nuestro primer presidente fue Don Anacleto Sanchez , socio fundador conjuntamente con Manuel Vidal , Manuel Laceras , Manuel Fraga, Manuel Acu\u00f1a , Fermin Dambolena y Leonardo Gonzalez.<\/p>\n\n\n\n<p class=\"has-medium-font-size\" style=\"text-decoration:underline\"><strong><mark style=\"background-color:rgba(0, 0, 0, 0)\" class=\"has-inline-color has-vivid-red-color\">Sedes\u00a0<\/mark><\/strong><\/p>\n\n\n\n<p><strong><mark style=\"background-color:rgba(0, 0, 0, 0)\" class=\"has-inline-color has-vivid-red-color\">Primera Sede<\/mark><\/strong>: Fue una habitaci\u00f3n alquilada en la Av. ituzaing\u00f3 , hoy libertador , a Don Manuel fraga.<\/p>\n\n\n\n<p><strong><mark style=\"background-color:rgba(0, 0, 0, 0)\" class=\"has-inline-color has-vivid-red-color\">Segunda Sede :<\/mark><\/strong> propiedad adquirida en las calles Chacabuco\u00a0 y Salta.<\/p>\n\n\n\n<p><strong><mark style=\"background-color:rgba(0, 0, 0, 0)\" class=\"has-inline-color has-vivid-red-color\">Tercera Sede:<\/mark><\/strong> El\u00a0 \u201cPrado Espa\u00f1ol\u201d en la avenida Ituzaing\u00f3 675 , comprada en 1933, donde se efectuaban las reconocidas romer\u00edas , adem\u00e1s de actos culturales contaba con una cancha de bochas.<\/p>\n\n\n\n<p>En el Prado funcion\u00f3 el primer cine de Merlo donde proyectaban pel\u00edculas para sus asociados . Con el correr del tiempo surgieron necesidades , las cuales fueron atendidas y empezaron a brindar servicios&nbsp; de asistencia m\u00e9dica, beneficios para sus socios en recetas m\u00e9dicas , pagos de subsidios por nacimiento y fallecimiento .<\/p>\n\n\n\n<p>La solidaridad con otras instituciones y la poblaci\u00f3n del municipio llevo a qu\u00e9 la Comisi\u00f3n Directiva ceda las instalaciones&nbsp; del Prado Espa\u00f1ol para su explotaci\u00f3n durante el verano , las contribuciones m\u00e1s notables fueron para la colecta de fondos para la creaci\u00f3n de el club \u201cel rayo \u201c y el \u201cFort\u00edn\u201d , instituciones que a\u00fan funcionan en el municipio de Merlo.<\/p>\n\n\n\n<p>En 1918 construyeron el pante\u00f3n en el cementerio de libertad , gratuito para los socios.<\/p>\n\n\n\n<p>Ante el progreso comercial de la avenida&nbsp; en 1966 se vendieron los lotes de \u201cPrado Espa\u00f1ol\u201d y se adquiri\u00f3 la propiedad de la calle Libertad 543.<\/p>\n\n\n\n<p><mark style=\"background-color:rgba(0, 0, 0, 0)\" class=\"has-inline-color has-vivid-red-color\"><strong>Cuarta Sede:<\/strong><\/mark> Propiedad de la calle Libertad\u00a0 lo primero que se cre\u00f3 fue la cancha de bochas en la actual entrada.<\/p>\n\n\n\n<p>En 1969 se construy\u00f3 el natatorio para brindar el servicio de recreaci\u00f3n y esparcimiento a sus socios, con la necesita de brindar el servicio todo el a\u00f1o procedieron a climatizar el natatorio y pasar a ser una de las primera piletas del municipio climatizada<\/p>\n\n\n\n<p>En 1973 se logr\u00f3 techar la cancha de f\u00fatbol para su utilizaci\u00f3n en la temporada invernal.<\/p>\n\n\n\n<p>Por un tiempo se alquil\u00f3 la propiedad lindera que se denominaba \u201cla marina\u201d la cual fue adquirida en 1975 y pudieron expandirse y crearon el sal\u00f3n de fiestas donde funcion\u00f3 el hist\u00f3rico boliche bailable \u201cSEDEM\u201d donde pasaron innumerables artistas de envergadura nacional.&nbsp;<\/p>\n\n\n<div class='photonic-wp-stream photonic-stream ' id='photonic-wp-stream-1'>\n\n\t<div id='photonic-wp-stream-1-container' class='title-display-none photonic-level-1-container sizes-present photonic-auto-padded photonic-standard-layout photonic-thumbnail-effect-none' data-photonic-platform=\"wp\" data-photonic-gallery-columns=\"auto\" data-photonic-query=\"order=ASC&amp;orderby=post__in&amp;id=69&amp;itemtag=figure&amp;icontag=div&amp;captiontag=figcaption&amp;size=thumbnail&amp;include=303,304,489,490,491,492,493,494,495&amp;exclude=&amp;link=&amp;offset=0&amp;layout=square&amp;custom_classes=&amp;alignment=&amp;caption=title&amp;page=1&amp;count=-1&amp;thumb_size=thumbnail&amp;slide_size=large&amp;type=default&amp;style=square&amp;display=local&amp;ids=303,304,489,490,491,492,493,494,495&amp;title_position=none&amp;main_size=full&amp;columns=auto\">\n\t\t<figure class='photonic-level-1 photonic-thumb'>\n\t\t\t<a href='https:\/\/xn--asocespaolamerlo-eub.com.ar\/sitio\/wp-content\/uploads\/2024\/08\/Sociedad-Espanola-de-Merlo-en-la-puerta-del-prado-Espanol.jpeg' title='' rel='lightbox-photonic-wp-stream-1' class='photonic-lb photonic-baguettebox baguettebox' data-photonic-media-type=\"image\" data-content-type=\"image\" data-photonic-deep=\"gallery[photonic-wp-stream-1]\/303\/\" data-title=\"&lt;a href=&#039;https:\/\/xn--asocespaolamerlo-eub.com.ar\/sitio\/historia\/sociedad-espanola-de-merlo-en-la-puerta-del-prado-espanol\/&#039; &gt;Sociedad Espa\u00f1ola de Merlo en la puerta del prado Espa\u00f1ol&lt;\/a&gt;\">\n\t\t\t\t<img alt='Sociedad Espa\u00f1ola de Merlo en la puerta del prado Espa\u00f1ol' class='square' data-src='https:\/\/xn--asocespaolamerlo-eub.com.ar\/sitio\/wp-content\/uploads\/2024\/08\/Sociedad-Espanola-de-Merlo-en-la-puerta-del-prado-Espanol-150x150.jpeg' loading='lazy' width='150' height='150' \/>\n\t\t\t<\/a>\n\t\t<\/figure>\n\t\t<figure class='photonic-level-1 photonic-thumb'>\n\t\t\t<a href='https:\/\/xn--asocespaolamerlo-eub.com.ar\/sitio\/wp-content\/uploads\/2024\/08\/Sociedad-Espanola-en-el-Palacio-Municipal-.png' title='' rel='lightbox-photonic-wp-stream-1' class='photonic-lb photonic-baguettebox baguettebox' data-photonic-media-type=\"image\" data-content-type=\"image\" data-photonic-deep=\"gallery[photonic-wp-stream-1]\/304\/\" data-title=\"&lt;a href=&#039;https:\/\/xn--asocespaolamerlo-eub.com.ar\/sitio\/historia\/sociedad-espanola-en-el-palacio-municipal\/&#039; &gt;Sociedad Espa\u00f1ola en el Palacio Municipal&lt;\/a&gt;\">\n\t\t\t\t<img alt='Sociedad Espa\u00f1ola en el Palacio Municipal' class='square' data-src='https:\/\/xn--asocespaolamerlo-eub.com.ar\/sitio\/wp-content\/uploads\/2024\/08\/Sociedad-Espanola-en-el-Palacio-Municipal--150x150.png' loading='lazy' width='150' height='150' \/>\n\t\t\t<\/a>\n\t\t<\/figure>\n\t\t<figure class='photonic-level-1 photonic-thumb'>\n\t\t\t<a href='https:\/\/xn--asocespaolamerlo-eub.com.ar\/sitio\/wp-content\/uploads\/2024\/08\/IMG_20230624_123221.jpg' title='' rel='lightbox-photonic-wp-stream-1' class='photonic-lb photonic-baguettebox baguettebox' data-photonic-media-type=\"image\" data-content-type=\"image\" data-photonic-deep=\"gallery[photonic-wp-stream-1]\/489\/\" data-title=\"&lt;a href=&#039;https:\/\/xn--asocespaolamerlo-eub.com.ar\/sitio\/historia\/img_20230624_123221\/&#039; &gt;IMG_20230624_123221&lt;\/a&gt;\">\n\t\t\t\t<img alt='IMG_20230624_123221' class='square' data-src='https:\/\/xn--asocespaolamerlo-eub.com.ar\/sitio\/wp-content\/uploads\/2024\/08\/IMG_20230624_123221-150x150.jpg' loading='lazy' width='150' height='150' \/>\n\t\t\t<\/a>\n\t\t<\/figure>\n\t\t<figure class='photonic-level-1 photonic-thumb'>\n\t\t\t<a href='https:\/\/xn--asocespaolamerlo-eub.com.ar\/sitio\/wp-content\/uploads\/2024\/08\/IMG_20230624_123304.jpg' title='' rel='lightbox-photonic-wp-stream-1' class='photonic-lb photonic-baguettebox baguettebox' data-photonic-media-type=\"image\" data-content-type=\"image\" data-photonic-deep=\"gallery[photonic-wp-stream-1]\/490\/\" data-title=\"&lt;a href=&#039;https:\/\/xn--asocespaolamerlo-eub.com.ar\/sitio\/historia\/img_20230624_123304\/&#039; &gt;IMG_20230624_123304&lt;\/a&gt;\">\n\t\t\t\t<img alt='IMG_20230624_123304' class='square' data-src='https:\/\/xn--asocespaolamerlo-eub.com.ar\/sitio\/wp-content\/uploads\/2024\/08\/IMG_20230624_123304-150x150.jpg' loading='lazy' width='150' height='150' \/>\n\t\t\t<\/a>\n\t\t<\/figure>\n\t\t<figure class='photonic-level-1 photonic-thumb'>\n\t\t\t<a href='https:\/\/xn--asocespaolamerlo-eub.com.ar\/sitio\/wp-content\/uploads\/2024\/08\/IMG_20230624_123331.jpg' title='' rel='lightbox-photonic-wp-stream-1' class='photonic-lb photonic-baguettebox baguettebox' data-photonic-media-type=\"image\" data-content-type=\"image\" data-photonic-deep=\"gallery[photonic-wp-stream-1]\/491\/\" data-title=\"&lt;a href=&#039;https:\/\/xn--asocespaolamerlo-eub.com.ar\/sitio\/historia\/img_20230624_123331\/&#039; &gt;IMG_20230624_123331&lt;\/a&gt;\">\n\t\t\t\t<img alt='IMG_20230624_123331' class='square' data-src='https:\/\/xn--asocespaolamerlo-eub.com.ar\/sitio\/wp-content\/uploads\/2024\/08\/IMG_20230624_123331-150x150.jpg' loading='lazy' width='150' height='150' \/>\n\t\t\t<\/a>\n\t\t<\/figure>\n\t\t<figure class='photonic-level-1 photonic-thumb'>\n\t\t\t<a href='https:\/\/xn--asocespaolamerlo-eub.com.ar\/sitio\/wp-content\/uploads\/2024\/08\/IMG_20230624_123430.jpg' title='' rel='lightbox-photonic-wp-stream-1' class='photonic-lb photonic-baguettebox baguettebox' data-photonic-media-type=\"image\" data-content-type=\"image\" data-photonic-deep=\"gallery[photonic-wp-stream-1]\/492\/\" data-title=\"&lt;a href=&#039;https:\/\/xn--asocespaolamerlo-eub.com.ar\/sitio\/historia\/img_20230624_123430\/&#039; &gt;IMG_20230624_123430&lt;\/a&gt;\">\n\t\t\t\t<img alt='IMG_20230624_123430' class='square' data-src='https:\/\/xn--asocespaolamerlo-eub.com.ar\/sitio\/wp-content\/uploads\/2024\/08\/IMG_20230624_123430-150x150.jpg' loading='lazy' width='150' height='150' \/>\n\t\t\t<\/a>\n\t\t<\/figure>\n\t\t<figure class='photonic-level-1 photonic-thumb'>\n\t\t\t<a href='https:\/\/xn--asocespaolamerlo-eub.com.ar\/sitio\/wp-content\/uploads\/2024\/08\/IMG_20230624_131631.jpg' title='' rel='lightbox-photonic-wp-stream-1' class='photonic-lb photonic-baguettebox baguettebox' data-photonic-media-type=\"image\" data-content-type=\"image\" data-photonic-deep=\"gallery[photonic-wp-stream-1]\/493\/\" data-title=\"&lt;a href=&#039;https:\/\/xn--asocespaolamerlo-eub.com.ar\/sitio\/historia\/img_20230624_131631\/&#039; &gt;IMG_20230624_131631&lt;\/a&gt;\">\n\t\t\t\t<img alt='IMG_20230624_131631' class='square' data-src='https:\/\/xn--asocespaolamerlo-eub.com.ar\/sitio\/wp-content\/uploads\/2024\/08\/IMG_20230624_131631-150x150.jpg' loading='lazy' width='150' height='150' \/>\n\t\t\t<\/a>\n\t\t<\/figure>\n\t\t<figure class='photonic-level-1 photonic-thumb'>\n\t\t\t<a href='https:\/\/xn--asocespaolamerlo-eub.com.ar\/sitio\/wp-content\/uploads\/2024\/08\/IMG_20230826_090311161_HDR.jpg' title='' rel='lightbox-photonic-wp-stream-1' class='photonic-lb photonic-baguettebox baguettebox' data-photonic-media-type=\"image\" data-content-type=\"image\" data-photonic-deep=\"gallery[photonic-wp-stream-1]\/494\/\" data-title=\"&lt;a href=&#039;https:\/\/xn--asocespaolamerlo-eub.com.ar\/sitio\/historia\/img_20230826_090311161_hdr\/&#039; &gt;IMG_20230826_090311161_HDR&lt;\/a&gt;\">\n\t\t\t\t<img alt='IMG_20230826_090311161_HDR' class='square' data-src='https:\/\/xn--asocespaolamerlo-eub.com.ar\/sitio\/wp-content\/uploads\/2024\/08\/IMG_20230826_090311161_HDR-150x150.jpg' loading='lazy' width='150' height='150' \/>\n\t\t\t<\/a>\n\t\t<\/figure>\n\t\t<figure class='photonic-level-1 photonic-thumb'>\n\t\t\t<a href='https:\/\/xn--asocespaolamerlo-eub.com.ar\/sitio\/wp-content\/uploads\/2024\/08\/IMG_20230826_090426694_HDR.jpg' title='' rel='lightbox-photonic-wp-stream-1' class='photonic-lb photonic-baguettebox baguettebox' data-photonic-media-type=\"image\" data-content-type=\"image\" data-photonic-deep=\"gallery[photonic-wp-stream-1]\/495\/\" data-title=\"&lt;a href=&#039;https:\/\/xn--asocespaolamerlo-eub.com.ar\/sitio\/historia\/img_20230826_090426694_hdr\/&#039; &gt;IMG_20230826_090426694_HDR&lt;\/a&gt;\">\n\t\t\t\t<img alt='IMG_20230826_090426694_HDR' class='square' data-src='https:\/\/xn--asocespaolamerlo-eub.com.ar\/sitio\/wp-content\/uploads\/2024\/08\/IMG_20230826_090426694_HDR-150x150.jpg' loading='lazy' width='150' height='150' \/>\n\t\t\t<\/a>\n\t\t<\/figure>\n\n\t<\/div> <!-- .\/photonic-level-1-container -->\n\t<span id='photonic-wp-stream-1-container-end'><\/span>\n<\/div><!-- .photonic-stream or .photonic-panel -->\n","protected":false},"excerpt":{"rendered":"<p>FUNDACI\u00d3N. Se fund\u00f3 el 1 de enero de 1899 y catorce a\u00f1os despu\u00e9s obtuvimos nuestra personer\u00eda jur\u00eddica Nuestro<\/p>\n","protected":false},"author":2,"featured_media":0,"parent":0,"menu_order":0,"comment_status":"closed","ping_status":"closed","template":"","meta":{"footnotes":""},"class_list":["post-69","page","type-page","status-publish","hentry"],"_links":{"self":[{"href":"https:\/\/xn--asocespaolamerlo-eub.com.ar\/sitio\/wp-json\/wp\/v2\/pages\/69","targetHints":{"allow":["GET"]}}],"collection":[{"href":"https:\/\/xn--asocespaolamerlo-eub.com.ar\/sitio\/wp-json\/wp\/v2\/pages"}],"about":[{"href":"https:\/\/xn--asocespaolamerlo-eub.com.ar\/sitio\/wp-json\/wp\/v2\/types\/page"}],"author":[{"embeddable":true,"href":"https:\/\/xn--asocespaolamerlo-eub.com.ar\/sitio\/wp-json\/wp\/v2\/users\/2"}],"replies":[{"embeddable":true,"href":"https:\/\/xn--asocespaolamerlo-eub.com.ar\/sitio\/wp-json\/wp\/v2\/comments?post=69"}],"version-history":[{"count":22,"href":"https:\/\/xn--asocespaolamerlo-eub.com.ar\/sitio\/wp-json\/wp\/v2\/pages\/69\/revisions"}],"predecessor-version":[{"id":540,"href":"https:\/\/xn--asocespaolamerlo-eub.com.ar\/sitio\/wp-json\/wp\/v2\/pages\/69\/revisions\/540"}],"wp:attachment":[{"href":"https:\/\/xn--asocespaolamerlo-eub.com.ar\/sitio\/wp-json\/wp\/v2\/media?parent=69"}],"curies":[{"name":"wp","href":"https:\/\/api.w.org\/{rel}","templated":true}]}}